{"id":3779,"date":"2021-03-11T13:18:30","date_gmt":"2021-03-11T12:18:30","guid":{"rendered":"https:\/\/formkraft.dk\/til-annoncoerer\/"},"modified":"2022-11-18T14:16:50","modified_gmt":"2022-11-18T13:16:50","slug":"advertise","status":"publish","type":"page","link":"https:\/\/formkraft.dk\/en\/advertise\/","title":{"rendered":"Advertisements"},"content":{"rendered":"<h2>Reach out to professionals<\/h2>\n<p>Now you can advertise in Formkraft and get your message out to a professional Danish\/Nordic audience of artisans, designers, researchers, teachers, curators, writers, museum staff and many more.<\/p>\n<p>We can tailor your advertising so that it comes on whenever you want, and we are happy to help with the setup.<br \/>\nContact us to hear about prices, formats and more.<\/p>\n<p>Please note that we require that the content of the ad be of professional relevance. Ex. exhibitions, events, job postings, products \/ works, open calls, etc.<\/p>\n<p>Advertisements have always been a big part of magazines. <a href=\"https:\/\/formkraft.dk\/en\/issues\/\">Find ads in the old magazines<\/a><\/p>\n<p>Contact:<a href=\"mailto:formkraft@dkod.dk\"> formkraft@dkod.dk<\/a><\/p>\n<p>&nbsp;<\/p>\n<h3>Placement of advertisements<\/h3>\n<p>Advertisements are placed at the bottom of the front page and at the bottom of theme pages and, by agreement, at the bottom of individual articles.<\/p>\n<h3>Time<\/h3>\n<p>As a starting point, ads are ordered for one month.<\/p>\n<h3>Files<\/h3>\n<p>All files must be supplied as jpeg or GIF.<br \/>\nFiles must be a maximum of 500 kb.<br \/>\nGifs must be a maximum of 4 seconds.<\/p>\n<p><strong>Grid 3 Small<\/strong><br \/>\nPhoto\/illustration. The advertisement functions as a link and is part of a series of 3.<br \/>\n450x450px<\/p>\n<p><img loading=\"lazy\" decoding=\"async\" class=\"alignnone size-medium wp-image-4946\" src=\"https:\/\/formkraft.dk\/wp-content\/uploads\/2022\/10\/Skaermbillede-2022-10-14-kl.-13.03.14-800x361.png\" alt=\"\" width=\"800\" height=\"361\" srcset=\"https:\/\/formkraft.dk\/wp-content\/uploads\/2022\/10\/Skaermbillede-2022-10-14-kl.-13.03.14-800x361.png 800w, https:\/\/formkraft.dk\/wp-content\/uploads\/2022\/10\/Skaermbillede-2022-10-14-kl.-13.03.14-1500x677.png 1500w, https:\/\/formkraft.dk\/wp-content\/uploads\/2022\/10\/Skaermbillede-2022-10-14-kl.-13.03.14-768x347.png 768w, https:\/\/formkraft.dk\/wp-content\/uploads\/2022\/10\/Skaermbillede-2022-10-14-kl.-13.03.14-1536x693.png 1536w, https:\/\/formkraft.dk\/wp-content\/uploads\/2022\/10\/Skaermbillede-2022-10-14-kl.-13.03.14.png 1972w\" sizes=\"auto, (max-width: 800px) 100vw, 800px\" \/><\/p>\n<p><strong>Grid 2:<\/strong>\u00a0<strong>Medium<\/strong><\/p>\n<p>Photo\/illustration. The advertisement functions as a link and is part of a series of 2.<\/p>\n<p>600 x 450 px<\/p>\n<p><img loading=\"lazy\" decoding=\"async\" class=\"alignnone size-medium wp-image-4950\" src=\"https:\/\/formkraft.dk\/wp-content\/uploads\/2022\/10\/Skaermbillede-2022-10-14-kl.-13.09.00-800x387.png\" alt=\"\" width=\"800\" height=\"387\" srcset=\"https:\/\/formkraft.dk\/wp-content\/uploads\/2022\/10\/Skaermbillede-2022-10-14-kl.-13.09.00-800x387.png 800w, https:\/\/formkraft.dk\/wp-content\/uploads\/2022\/10\/Skaermbillede-2022-10-14-kl.-13.09.00-1500x726.png 1500w, https:\/\/formkraft.dk\/wp-content\/uploads\/2022\/10\/Skaermbillede-2022-10-14-kl.-13.09.00-768x372.png 768w, https:\/\/formkraft.dk\/wp-content\/uploads\/2022\/10\/Skaermbillede-2022-10-14-kl.-13.09.00-1536x743.png 1536w, https:\/\/formkraft.dk\/wp-content\/uploads\/2022\/10\/Skaermbillede-2022-10-14-kl.-13.09.00.png 1972w\" sizes=\"auto, (max-width: 800px) 100vw, 800px\" \/><\/p>\n<p><strong>Thin 2:<\/strong>\u00a0Photo\/illustration + link<br \/>\n1400 x 302 px<\/p>\n<p><img loading=\"lazy\" decoding=\"async\" class=\"alignnone size-medium wp-image-4931\" src=\"https:\/\/formkraft.dk\/wp-content\/uploads\/2022\/02\/Thin-2-1400x302px-800x173.jpg\" alt=\"\" width=\"800\" height=\"173\" srcset=\"https:\/\/formkraft.dk\/wp-content\/uploads\/2022\/02\/Thin-2-1400x302px-800x173.jpg 800w, https:\/\/formkraft.dk\/wp-content\/uploads\/2022\/02\/Thin-2-1400x302px-768x166.jpg 768w, https:\/\/formkraft.dk\/wp-content\/uploads\/2022\/02\/Thin-2-1400x302px.jpg 1400w\" sizes=\"auto, (max-width: 800px) 100vw, 800px\" \/><\/p>\n<p><strong>Big 1:<\/strong>\u00a0Photo\/illustration + link.<br \/>\n1400 x 600 px<\/p>\n<p><img loading=\"lazy\" decoding=\"async\" class=\"alignnone size-medium wp-image-4952\" src=\"https:\/\/formkraft.dk\/wp-content\/uploads\/2022\/02\/Big-1400-x-600-800x343.jpg\" alt=\"\" width=\"800\" height=\"343\" srcset=\"https:\/\/formkraft.dk\/wp-content\/uploads\/2022\/02\/Big-1400-x-600-800x343.jpg 800w, https:\/\/formkraft.dk\/wp-content\/uploads\/2022\/02\/Big-1400-x-600-768x329.jpg 768w, https:\/\/formkraft.dk\/wp-content\/uploads\/2022\/02\/Big-1400-x-600.jpg 1400w\" sizes=\"auto, (max-width: 800px) 100vw, 800px\" \/><\/p>\n<p>&nbsp;<\/p>\n<h3>Advertisements with photo and text<\/h3>\n<p><strong>Thin 1:<\/strong><br \/>\nSmall photo\/illustration with short supplementary text. The text is placed in a gray field next to the banner.<br \/>\n696&#215;302 px<br \/>\nText: 36 characters including gap<br \/>\nHeadline: 28 characters including gap<br \/>\n+ Link<\/p>\n<p><img loading=\"lazy\" decoding=\"async\" class=\"alignnone size-medium wp-image-4942\" src=\"https:\/\/formkraft.dk\/wp-content\/uploads\/2022\/10\/Skaermbillede-2022-10-14-kl.-12.51.31-800x124.png\" alt=\"\" width=\"800\" height=\"124\" srcset=\"https:\/\/formkraft.dk\/wp-content\/uploads\/2022\/10\/Skaermbillede-2022-10-14-kl.-12.51.31-800x124.png 800w, https:\/\/formkraft.dk\/wp-content\/uploads\/2022\/10\/Skaermbillede-2022-10-14-kl.-12.51.31-1500x233.png 1500w, https:\/\/formkraft.dk\/wp-content\/uploads\/2022\/10\/Skaermbillede-2022-10-14-kl.-12.51.31-768x119.png 768w, https:\/\/formkraft.dk\/wp-content\/uploads\/2022\/10\/Skaermbillede-2022-10-14-kl.-12.51.31-1536x239.png 1536w, https:\/\/formkraft.dk\/wp-content\/uploads\/2022\/10\/Skaermbillede-2022-10-14-kl.-12.51.31.png 1892w\" sizes=\"auto, (max-width: 800px) 100vw, 800px\" \/><\/p>\n<p><strong>Box 1:<\/strong> Big photo\/illustration with longer text. The text is placed in a gray filed next to the banner.<br \/>\n540 x 450 px<br \/>\nText: 465 characters incl. gap<br \/>\nHeadline 28 characters incl. gap<br \/>\n+ Link<\/p>\n<p><img loading=\"lazy\" decoding=\"async\" class=\"alignnone size-medium wp-image-4940\" src=\"https:\/\/formkraft.dk\/wp-content\/uploads\/2022\/10\/Skaermbillede-2022-10-14-kl.-12.44.24-800x220.png\" alt=\"\" width=\"800\" height=\"220\" srcset=\"https:\/\/formkraft.dk\/wp-content\/uploads\/2022\/10\/Skaermbillede-2022-10-14-kl.-12.44.24-800x220.png 800w, https:\/\/formkraft.dk\/wp-content\/uploads\/2022\/10\/Skaermbillede-2022-10-14-kl.-12.44.24-1500x412.png 1500w, https:\/\/formkraft.dk\/wp-content\/uploads\/2022\/10\/Skaermbillede-2022-10-14-kl.-12.44.24-768x211.png 768w, https:\/\/formkraft.dk\/wp-content\/uploads\/2022\/10\/Skaermbillede-2022-10-14-kl.-12.44.24-1536x422.png 1536w, https:\/\/formkraft.dk\/wp-content\/uploads\/2022\/10\/Skaermbillede-2022-10-14-kl.-12.44.24.png 1892w\" sizes=\"auto, (max-width: 800px) 100vw, 800px\" \/><\/p>\n<p>&nbsp;<\/p>\n<p>&nbsp;<\/p>\n","protected":false},"excerpt":{"rendered":"<p>Reach out to professionals Now you can advertise in Formkraft and get your message out to a professional Danish\/Nordic audience of artisans, designers, researchers, teachers, curators, writers, museum staff and many more. We can tailor your advertising so that it comes on whenever you want, and we are happy to help with the setup. Contact [&hellip;]<\/p>\n","protected":false},"author":9,"featured_media":0,"parent":0,"menu_order":0,"comment_status":"closed","ping_status":"closed","template":"","meta":{"_acf_changed":false,"footnotes":""},"class_list":["post-3779","page","type-page","status-publish","hentry"],"acf":[],"yoast_head":"<!-- This site is optimized with the Yoast SEO plugin v27.1.1 - https:\/\/yoast.com\/product\/yoast-seo-wordpress\/ -->\n<title>Advertisements - Formkraft<\/title>\n<meta name=\"description\" content=\"Annoncering p\u00e5 Formkraft; N\u00e5 ud til et stort fagligt publikum best\u00e5ende af kunsth\u00e5ndv\u00e6rkere, designere, kuratorer, skribenter, museumsansatte og mange andre.\" \/>\n<meta name=\"robots\" content=\"index, follow, max-snippet:-1, max-image-preview:large, max-video-preview:-1\" \/>\n<link rel=\"canonical\" href=\"https:\/\/formkraft.dk\/en\/advertise\/\" \/>\n<meta property=\"og:locale\" content=\"en_US\" \/>\n<meta property=\"og:type\" content=\"article\" \/>\n<meta property=\"og:title\" content=\"Advertisements - Formkraft\" \/>\n<meta property=\"og:description\" content=\"Annoncering p\u00e5 Formkraft; N\u00e5 ud til et stort fagligt publikum best\u00e5ende af kunsth\u00e5ndv\u00e6rkere, designere, kuratorer, skribenter, museumsansatte og mange andre.\" \/>\n<meta property=\"og:url\" content=\"https:\/\/formkraft.dk\/en\/advertise\/\" \/>\n<meta property=\"og:site_name\" content=\"Formkraft\" \/>\n<meta property=\"article:modified_time\" content=\"2022-11-18T13:16:50+00:00\" \/>\n<meta property=\"og:image\" content=\"https:\/\/formkraft.dk\/wp-content\/uploads\/2022\/10\/Skaermbillede-2022-10-14-kl.-13.03.14-800x361.png\" \/>\n<meta name=\"twitter:card\" content=\"summary_large_image\" \/>\n<meta name=\"twitter:label1\" content=\"Est. reading time\" \/>\n\t<meta name=\"twitter:data1\" content=\"3 minutes\" \/>\n<script type=\"application\/ld+json\" class=\"yoast-schema-graph\">{\"@context\":\"https:\/\/schema.org\",\"@graph\":[{\"@type\":\"WebPage\",\"@id\":\"https:\/\/formkraft.dk\/en\/advertise\/\",\"url\":\"https:\/\/formkraft.dk\/en\/advertise\/\",\"name\":\"Advertisements - Formkraft\",\"isPartOf\":{\"@id\":\"https:\/\/formkraft.dk\/#website\"},\"primaryImageOfPage\":{\"@id\":\"https:\/\/formkraft.dk\/en\/advertise\/#primaryimage\"},\"image\":{\"@id\":\"https:\/\/formkraft.dk\/en\/advertise\/#primaryimage\"},\"thumbnailUrl\":\"https:\/\/formkraft.dk\/wp-content\/uploads\/2022\/10\/Skaermbillede-2022-10-14-kl.-13.03.14-800x361.png\",\"datePublished\":\"2021-03-11T12:18:30+00:00\",\"dateModified\":\"2022-11-18T13:16:50+00:00\",\"description\":\"Annoncering p\u00e5 Formkraft; N\u00e5 ud til et stort fagligt publikum best\u00e5ende af kunsth\u00e5ndv\u00e6rkere, designere, kuratorer, skribenter, museumsansatte og mange andre.\",\"breadcrumb\":{\"@id\":\"https:\/\/formkraft.dk\/en\/advertise\/#breadcrumb\"},\"inLanguage\":\"en-US\",\"potentialAction\":[{\"@type\":\"ReadAction\",\"target\":[\"https:\/\/formkraft.dk\/en\/advertise\/\"]}]},{\"@type\":\"ImageObject\",\"inLanguage\":\"en-US\",\"@id\":\"https:\/\/formkraft.dk\/en\/advertise\/#primaryimage\",\"url\":\"https:\/\/formkraft.dk\/wp-content\/uploads\/2022\/10\/Skaermbillede-2022-10-14-kl.-13.03.14-800x361.png\",\"contentUrl\":\"https:\/\/formkraft.dk\/wp-content\/uploads\/2022\/10\/Skaermbillede-2022-10-14-kl.-13.03.14-800x361.png\"},{\"@type\":\"BreadcrumbList\",\"@id\":\"https:\/\/formkraft.dk\/en\/advertise\/#breadcrumb\",\"itemListElement\":[{\"@type\":\"ListItem\",\"position\":1,\"name\":\"Hjem\",\"item\":\"https:\/\/formkraft.dk\/en\/\"},{\"@type\":\"ListItem\",\"position\":2,\"name\":\"Advertisements\"}]},{\"@type\":\"WebSite\",\"@id\":\"https:\/\/formkraft.dk\/#website\",\"url\":\"https:\/\/formkraft.dk\/\",\"name\":\"Formkraft\",\"description\":\"Journal for Crafts & Design\",\"publisher\":{\"@id\":\"https:\/\/formkraft.dk\/#organization\"},\"potentialAction\":[{\"@type\":\"SearchAction\",\"target\":{\"@type\":\"EntryPoint\",\"urlTemplate\":\"https:\/\/formkraft.dk\/?s={search_term_string}\"},\"query-input\":{\"@type\":\"PropertyValueSpecification\",\"valueRequired\":true,\"valueName\":\"search_term_string\"}}],\"inLanguage\":\"en-US\"},{\"@type\":\"Organization\",\"@id\":\"https:\/\/formkraft.dk\/#organization\",\"name\":\"Formkraft\",\"url\":\"https:\/\/formkraft.dk\/\",\"logo\":{\"@type\":\"ImageObject\",\"inLanguage\":\"en-US\",\"@id\":\"https:\/\/formkraft.dk\/#\/schema\/logo\/image\/\",\"url\":\"https:\/\/formkraft.dk\/wp-content\/uploads\/2021\/02\/logo.png\",\"contentUrl\":\"https:\/\/formkraft.dk\/wp-content\/uploads\/2021\/02\/logo.png\",\"width\":952,\"height\":150,\"caption\":\"Formkraft\"},\"image\":{\"@id\":\"https:\/\/formkraft.dk\/#\/schema\/logo\/image\/\"}}]}<\/script>\n<!-- \/ Yoast SEO plugin. -->","yoast_head_json":{"title":"Advertisements - Formkraft","description":"Annoncering p\u00e5 Formkraft; N\u00e5 ud til et stort fagligt publikum best\u00e5ende af kunsth\u00e5ndv\u00e6rkere, designere, kuratorer, skribenter, museumsansatte og mange andre.","robots":{"index":"index","follow":"follow","max-snippet":"max-snippet:-1","max-image-preview":"max-image-preview:large","max-video-preview":"max-video-preview:-1"},"canonical":"https:\/\/formkraft.dk\/en\/advertise\/","og_locale":"en_US","og_type":"article","og_title":"Advertisements - Formkraft","og_description":"Annoncering p\u00e5 Formkraft; N\u00e5 ud til et stort fagligt publikum best\u00e5ende af kunsth\u00e5ndv\u00e6rkere, designere, kuratorer, skribenter, museumsansatte og mange andre.","og_url":"https:\/\/formkraft.dk\/en\/advertise\/","og_site_name":"Formkraft","article_modified_time":"2022-11-18T13:16:50+00:00","og_image":[{"url":"https:\/\/formkraft.dk\/wp-content\/uploads\/2022\/10\/Skaermbillede-2022-10-14-kl.-13.03.14-800x361.png","type":"","width":"","height":""}],"twitter_card":"summary_large_image","twitter_misc":{"Est. reading time":"3 minutes"},"schema":{"@context":"https:\/\/schema.org","@graph":[{"@type":"WebPage","@id":"https:\/\/formkraft.dk\/en\/advertise\/","url":"https:\/\/formkraft.dk\/en\/advertise\/","name":"Advertisements - Formkraft","isPartOf":{"@id":"https:\/\/formkraft.dk\/#website"},"primaryImageOfPage":{"@id":"https:\/\/formkraft.dk\/en\/advertise\/#primaryimage"},"image":{"@id":"https:\/\/formkraft.dk\/en\/advertise\/#primaryimage"},"thumbnailUrl":"https:\/\/formkraft.dk\/wp-content\/uploads\/2022\/10\/Skaermbillede-2022-10-14-kl.-13.03.14-800x361.png","datePublished":"2021-03-11T12:18:30+00:00","dateModified":"2022-11-18T13:16:50+00:00","description":"Annoncering p\u00e5 Formkraft; N\u00e5 ud til et stort fagligt publikum best\u00e5ende af kunsth\u00e5ndv\u00e6rkere, designere, kuratorer, skribenter, museumsansatte og mange andre.","breadcrumb":{"@id":"https:\/\/formkraft.dk\/en\/advertise\/#breadcrumb"},"inLanguage":"en-US","potentialAction":[{"@type":"ReadAction","target":["https:\/\/formkraft.dk\/en\/advertise\/"]}]},{"@type":"ImageObject","inLanguage":"en-US","@id":"https:\/\/formkraft.dk\/en\/advertise\/#primaryimage","url":"https:\/\/formkraft.dk\/wp-content\/uploads\/2022\/10\/Skaermbillede-2022-10-14-kl.-13.03.14-800x361.png","contentUrl":"https:\/\/formkraft.dk\/wp-content\/uploads\/2022\/10\/Skaermbillede-2022-10-14-kl.-13.03.14-800x361.png"},{"@type":"BreadcrumbList","@id":"https:\/\/formkraft.dk\/en\/advertise\/#breadcrumb","itemListElement":[{"@type":"ListItem","position":1,"name":"Hjem","item":"https:\/\/formkraft.dk\/en\/"},{"@type":"ListItem","position":2,"name":"Advertisements"}]},{"@type":"WebSite","@id":"https:\/\/formkraft.dk\/#website","url":"https:\/\/formkraft.dk\/","name":"Formkraft","description":"Journal for Crafts & Design","publisher":{"@id":"https:\/\/formkraft.dk\/#organization"},"potentialAction":[{"@type":"SearchAction","target":{"@type":"EntryPoint","urlTemplate":"https:\/\/formkraft.dk\/?s={search_term_string}"},"query-input":{"@type":"PropertyValueSpecification","valueRequired":true,"valueName":"search_term_string"}}],"inLanguage":"en-US"},{"@type":"Organization","@id":"https:\/\/formkraft.dk\/#organization","name":"Formkraft","url":"https:\/\/formkraft.dk\/","logo":{"@type":"ImageObject","inLanguage":"en-US","@id":"https:\/\/formkraft.dk\/#\/schema\/logo\/image\/","url":"https:\/\/formkraft.dk\/wp-content\/uploads\/2021\/02\/logo.png","contentUrl":"https:\/\/formkraft.dk\/wp-content\/uploads\/2021\/02\/logo.png","width":952,"height":150,"caption":"Formkraft"},"image":{"@id":"https:\/\/formkraft.dk\/#\/schema\/logo\/image\/"}}]}},"_links":{"self":[{"href":"https:\/\/formkraft.dk\/en\/wp-json\/wp\/v2\/pages\/3779","targetHints":{"allow":["GET"]}}],"collection":[{"href":"https:\/\/formkraft.dk\/en\/wp-json\/wp\/v2\/pages"}],"about":[{"href":"https:\/\/formkraft.dk\/en\/wp-json\/wp\/v2\/types\/page"}],"author":[{"embeddable":true,"href":"https:\/\/formkraft.dk\/en\/wp-json\/wp\/v2\/users\/9"}],"replies":[{"embeddable":true,"href":"https:\/\/formkraft.dk\/en\/wp-json\/wp\/v2\/comments?post=3779"}],"version-history":[{"count":0,"href":"https:\/\/formkraft.dk\/en\/wp-json\/wp\/v2\/pages\/3779\/revisions"}],"wp:attachment":[{"href":"https:\/\/formkraft.dk\/en\/wp-json\/wp\/v2\/media?parent=3779"}],"curies":[{"name":"wp","href":"https:\/\/api.w.org\/{rel}","templated":true}]}}